
{"id":119,"date":"2024-05-26T22:07:37","date_gmt":"2024-05-26T21:07:37","guid":{"rendered":"https:\/\/maxi-work.eu\/o-nas-deutsch\/"},"modified":"2024-05-27T01:43:07","modified_gmt":"2024-05-27T00:43:07","slug":"o-nas-deutsch","status":"publish","type":"page","link":"https:\/\/maxi-work.eu\/de\/","title":{"rendered":"\u00dcber uns"},"content":{"rendered":"<div data-elementor-type=\"wp-page\" data-elementor-id=\"119\" class=\"elementor elementor-119\" data-elementor-post-type=\"page\">\n\t\t\t\t<div class=\"elementor-element elementor-element-53cc9f66 e-flex e-con-boxed e-con e-parent\" data-id=\"53cc9f66\" data-element_type=\"container\" data-e-type=\"container\">\n\t\t\t\t\t<div class=\"e-con-inner\">\n\t\t\t\t<div class=\"elementor-element elementor-element-4bae5f11 elementor-widget elementor-widget-text-editor\" data-id=\"4bae5f11\" data-element_type=\"widget\" data-e-type=\"widget\" data-widget_type=\"text-editor.default\">\n\t\t\t\t<div class=\"elementor-widget-container\">\n\t\t\t\t\t\t\t\t\t<p>MAXI WORK s.r.o. ist eine internationale Personalagentur, die auf langj\u00e4hrigen Erfahrungen auf dem Arbeitsmarkt, haupts\u00e4chlich in technischen Bereichen, basiert.<\/p>\t\t\t\t\t\t\t\t<\/div>\n\t\t\t\t<\/div>\n\t\t\t\t<div class=\"elementor-element elementor-element-a35901f elementor-widget elementor-widget-text-editor\" data-id=\"a35901f\" data-element_type=\"widget\" data-e-type=\"widget\" data-widget_type=\"text-editor.default\">\n\t\t\t\t<div class=\"elementor-widget-container\">\n\t\t\t\t\t\t\t\t\t<p>Unser Unternehmen unterscheidet sich von anderen Personalagenturen insbesondere dadurch, dass wir f\u00fcr ausgew\u00e4hlte Positionen ausschlie\u00dflich geschulte und zertifizierte Mitarbeiter anbieten. Unsere Arbeitskr\u00e4fte werden sorgf\u00e4ltig ausgew\u00e4hlt, bevor sie an den jeweiligen Arbeitsplatz entsendet werden, sodass sie nicht nur nach der Schulung, sondern auch von Anfang an mit maximaler Effizienz arbeiten k\u00f6nnen. Mit unserer Agentur erhalten Sie einen \u00e4u\u00dferst zuverl\u00e4ssigen und flexiblen Partner f\u00fcr Ihr Unternehmen.<\/p>\t\t\t\t\t\t\t\t<\/div>\n\t\t\t\t<\/div>\n\t\t\t\t<div class=\"elementor-element elementor-element-6141396 elementor-widget elementor-widget-text-editor\" data-id=\"6141396\" data-element_type=\"widget\" data-e-type=\"widget\" data-widget_type=\"text-editor.default\">\n\t\t\t\t<div class=\"elementor-widget-container\">\n\t\t\t\t\t\t\t\t\t<p>In der Tschechischen Republik konzentrieren wir uns auf folgende Bereiche der modernen industriellen Produktion:<\/p>\t\t\t\t\t\t\t\t<\/div>\n\t\t\t\t<\/div>\n\t\t<div class=\"elementor-element elementor-element-13bfebb e-grid e-con-boxed e-con e-child\" data-id=\"13bfebb\" data-element_type=\"container\" data-e-type=\"container\">\n\t\t\t\t\t<div class=\"e-con-inner\">\n\t\t\t\t<div class=\"elementor-element elementor-element-2b4f330 elementor-position-top elementor-widget elementor-widget-image-box\" data-id=\"2b4f330\" data-element_type=\"widget\" data-e-type=\"widget\" data-widget_type=\"image-box.default\">\n\t\t\t\t<div class=\"elementor-widget-container\">\n\t\t\t\t\t<div class=\"elementor-image-box-wrapper\"><figure class=\"elementor-image-box-img\"><a href=\"https:\/\/maxi-work.eu\/wp-content\/uploads\/2016\/05\/Treci_svarovani_oceli_USIBOR_1500.jpg\" tabindex=\"-1\"><img fetchpriority=\"high\" decoding=\"async\" width=\"1136\" height=\"852\" src=\"https:\/\/maxi-work.eu\/wp-content\/uploads\/2016\/05\/Treci_svarovani_oceli_USIBOR_1500.jpg\" class=\"attachment-full size-full wp-image-32\" alt=\"\" srcset=\"https:\/\/maxi-work.eu\/wp-content\/uploads\/2016\/05\/Treci_svarovani_oceli_USIBOR_1500.jpg 1136w, https:\/\/maxi-work.eu\/wp-content\/uploads\/2016\/05\/Treci_svarovani_oceli_USIBOR_1500-300x225.jpg 300w, https:\/\/maxi-work.eu\/wp-content\/uploads\/2016\/05\/Treci_svarovani_oceli_USIBOR_1500-768x576.jpg 768w, https:\/\/maxi-work.eu\/wp-content\/uploads\/2016\/05\/Treci_svarovani_oceli_USIBOR_1500-1024x768.jpg 1024w\" sizes=\"(max-width: 1136px) 100vw, 1136px\" \/><\/a><\/figure><div class=\"elementor-image-box-content\"><h3 class=\"elementor-image-box-title\"><a href=\"https:\/\/maxi-work.eu\/wp-content\/uploads\/2016\/05\/Treci_svarovani_oceli_USIBOR_1500.jpg\">Zertifizierte Schwei\u00dfer, CNC-Fachkr\u00e4fte<\/a><\/h3><\/div><\/div>\t\t\t\t<\/div>\n\t\t\t\t<\/div>\n\t\t\t\t<div class=\"elementor-element elementor-element-4e452fe elementor-position-top elementor-widget elementor-widget-image-box\" data-id=\"4e452fe\" data-element_type=\"widget\" data-e-type=\"widget\" data-widget_type=\"image-box.default\">\n\t\t\t\t<div class=\"elementor-widget-container\">\n\t\t\t\t\t<div class=\"elementor-image-box-wrapper\"><figure class=\"elementor-image-box-img\"><a href=\"https:\/\/maxi-work.eu\/wp-content\/uploads\/2016\/05\/drill-444492_960_720.jpg\" tabindex=\"-1\"><img decoding=\"async\" width=\"960\" height=\"640\" src=\"https:\/\/maxi-work.eu\/wp-content\/uploads\/2016\/05\/drill-444492_960_720.jpg\" class=\"attachment-full size-full wp-image-36\" alt=\"\" srcset=\"https:\/\/maxi-work.eu\/wp-content\/uploads\/2016\/05\/drill-444492_960_720.jpg 960w, https:\/\/maxi-work.eu\/wp-content\/uploads\/2016\/05\/drill-444492_960_720-300x200.jpg 300w, https:\/\/maxi-work.eu\/wp-content\/uploads\/2016\/05\/drill-444492_960_720-768x512.jpg 768w\" sizes=\"(max-width: 960px) 100vw, 960px\" \/><\/a><\/figure><div class=\"elementor-image-box-content\"><h3 class=\"elementor-image-box-title\"><a href=\"https:\/\/maxi-work.eu\/wp-content\/uploads\/2016\/05\/drill-444492_960_720.jpg\">Schleifer<\/a><\/h3><\/div><\/div>\t\t\t\t<\/div>\n\t\t\t\t<\/div>\n\t\t\t\t<div class=\"elementor-element elementor-element-9a38c7e elementor-position-top elementor-widget elementor-widget-image-box\" data-id=\"9a38c7e\" data-element_type=\"widget\" data-e-type=\"widget\" data-widget_type=\"image-box.default\">\n\t\t\t\t<div class=\"elementor-widget-container\">\n\t\t\t\t\t<div class=\"elementor-image-box-wrapper\"><figure class=\"elementor-image-box-img\"><a href=\"https:\/\/maxi-work.eu\/wp-content\/uploads\/2016\/05\/md-nasa-clean-p5-perna.jpg\" tabindex=\"-1\"><img decoding=\"async\" width=\"2944\" height=\"1964\" src=\"https:\/\/maxi-work.eu\/wp-content\/uploads\/2016\/05\/md-nasa-clean-p5-perna.jpg\" class=\"attachment-full size-full wp-image-40\" alt=\"\" srcset=\"https:\/\/maxi-work.eu\/wp-content\/uploads\/2016\/05\/md-nasa-clean-p5-perna.jpg 2944w, https:\/\/maxi-work.eu\/wp-content\/uploads\/2016\/05\/md-nasa-clean-p5-perna-300x200.jpg 300w, https:\/\/maxi-work.eu\/wp-content\/uploads\/2016\/05\/md-nasa-clean-p5-perna-768x512.jpg 768w, https:\/\/maxi-work.eu\/wp-content\/uploads\/2016\/05\/md-nasa-clean-p5-perna-1024x683.jpg 1024w\" sizes=\"(max-width: 2944px) 100vw, 2944px\" \/><\/a><\/figure><div class=\"elementor-image-box-content\"><h3 class=\"elementor-image-box-title\"><a href=\"https:\/\/maxi-work.eu\/wp-content\/uploads\/2016\/05\/md-nasa-clean-p5-perna.jpg\">Montagearbeiter<\/a><\/h3><\/div><\/div>\t\t\t\t<\/div>\n\t\t\t\t<\/div>\n\t\t\t\t<div class=\"elementor-element elementor-element-35e60cd elementor-position-top elementor-widget elementor-widget-image-box\" data-id=\"35e60cd\" data-element_type=\"widget\" data-e-type=\"widget\" data-widget_type=\"image-box.default\">\n\t\t\t\t<div class=\"elementor-widget-container\">\n\t\t\t\t\t<div class=\"elementor-image-box-wrapper\"><figure class=\"elementor-image-box-img\"><a href=\"https:\/\/maxi-work.eu\/wp-content\/uploads\/2016\/05\/52-1.jpg\" tabindex=\"-1\"><img loading=\"lazy\" decoding=\"async\" width=\"800\" height=\"485\" src=\"https:\/\/maxi-work.eu\/wp-content\/uploads\/2016\/05\/52-1.jpg\" class=\"attachment-full size-full wp-image-43\" alt=\"\" srcset=\"https:\/\/maxi-work.eu\/wp-content\/uploads\/2016\/05\/52-1.jpg 800w, https:\/\/maxi-work.eu\/wp-content\/uploads\/2016\/05\/52-1-300x182.jpg 300w, https:\/\/maxi-work.eu\/wp-content\/uploads\/2016\/05\/52-1-768x466.jpg 768w\" sizes=\"(max-width: 800px) 100vw, 800px\" \/><\/a><\/figure><div class=\"elementor-image-box-content\"><h3 class=\"elementor-image-box-title\"><a href=\"https:\/\/maxi-work.eu\/wp-content\/uploads\/2016\/05\/52-1.jpg\">Hilfskr\u00e4fte<\/a><\/h3><\/div><\/div>\t\t\t\t<\/div>\n\t\t\t\t<\/div>\n\t\t\t\t\t<\/div>\n\t\t\t\t<\/div>\n\t\t\t\t\t<\/div>\n\t\t\t\t<\/div>\n\t\t\t\t<\/div>","protected":false},"excerpt":{"rendered":"<p>MAXI WORK s.r.o. je mezin\u00e1rodn\u00ed\u00a0person\u00e1ln\u00ed agentura zalo\u017een\u00e1 na dlouholet\u00fdch zku\u0161enostech na trhu\u00a0pr\u00e1ce p\u0159ev\u00e1\u017en\u011b v technick\u00fdch odv\u011btv\u00edch. Na\u0161e spole\u010dnost se odli\u0161uje od ostatn\u00edch person\u00e1ln\u00edch agentur p\u0159edev\u0161\u00edm t\u00edm, \u017ee na vybran\u00e9 pozice nab\u00edz\u00edme v\u00fdhradn\u011b pro\u0161kolen\u00e9 a certifikovan\u00e9 zam\u011bstnance. Na\u0161i pracovn\u00edci jsou p\u0159ed n\u00e1stupem na konkr\u00e9tn\u00ed pracovi\u0161t\u011b pe\u010dliv\u011b zvoleni tak, aby nejen po za\u0161kolen\u00ed ale i v za\u010d\u00e1tc\u00edch &#8230; <a title=\"\u00dcber uns\" class=\"read-more\" href=\"https:\/\/maxi-work.eu\/de\/\" aria-label=\"Mehr Informationen \u00fcber O n\u00e1s\">Weiterlesen<\/a><\/p>","protected":false},"author":3,"featured_media":0,"parent":0,"menu_order":0,"comment_status":"closed","ping_status":"closed","template":"","meta":{"footnotes":""},"class_list":["post-119","page","type-page","status-publish"],"_links":{"self":[{"href":"https:\/\/maxi-work.eu\/de\/wp-json\/wp\/v2\/pages\/119","targetHints":{"allow":["GET"]}}],"collection":[{"href":"https:\/\/maxi-work.eu\/de\/wp-json\/wp\/v2\/pages"}],"about":[{"href":"https:\/\/maxi-work.eu\/de\/wp-json\/wp\/v2\/types\/page"}],"author":[{"embeddable":true,"href":"https:\/\/maxi-work.eu\/de\/wp-json\/wp\/v2\/users\/3"}],"replies":[{"embeddable":true,"href":"https:\/\/maxi-work.eu\/de\/wp-json\/wp\/v2\/comments?post=119"}],"version-history":[{"count":0,"href":"https:\/\/maxi-work.eu\/de\/wp-json\/wp\/v2\/pages\/119\/revisions"}],"wp:attachment":[{"href":"https:\/\/maxi-work.eu\/de\/wp-json\/wp\/v2\/media?parent=119"}],"curies":[{"name":"wp","href":"https:\/\/api.w.org\/{rel}","templated":true}]}}